{"id":2152,"date":"2024-02-01T18:19:52","date_gmt":"2024-02-01T17:19:52","guid":{"rendered":"https:\/\/dev.pruvia.com\/?page_id=2152"},"modified":"2024-02-02T09:42:29","modified_gmt":"2024-02-02T08:42:29","slug":"imprint","status":"publish","type":"page","link":"https:\/\/dev.pruvia.com\/de\/impressum\/","title":{"rendered":"Impressum"},"content":{"rendered":"<div data-elementor-type=\"wp-page\" data-elementor-id=\"2152\" class=\"elementor elementor-2152\" data-elementor-post-type=\"page\">\n\t\t\t\t<div class=\"elementor-element elementor-element-7fd8a15 e-flex e-con-boxed e-con e-parent\" data-id=\"7fd8a15\" data-element_type=\"container\" data-settings=\"{&quot;content_width&quot;:&quot;boxed&quot;}\" data-core-v316-plus=\"true\">\n\t\t\t\t\t<div class=\"e-con-inner\">\n\t\t\t\t<div class=\"elementor-element elementor-element-1017f3f elementor-widget elementor-widget-text-editor\" data-id=\"1017f3f\" data-element_type=\"widget\" data-widget_type=\"text-editor.default\">\n\t\t\t\t<div class=\"elementor-widget-container\">\n\t\t\t<style>\/*! elementor - v3.19.0 - 07-02-2024 *\/\n.elementor-widget-text-editor.elementor-drop-cap-view-stacked .elementor-drop-cap{background-color:#69727d;color:#fff}.elementor-widget-text-editor.elementor-drop-cap-view-framed .elementor-drop-cap{color:#69727d;border:3px solid;background-color:transparent}.elementor-widget-text-editor:not(.elementor-drop-cap-view-default) .elementor-drop-cap{margin-top:8px}.elementor-widget-text-editor:not(.elementor-drop-cap-view-default) .elementor-drop-cap-letter{width:1em;height:1em}.elementor-widget-text-editor .elementor-drop-cap{float:left;text-align:center;line-height:1;font-size:50px}.elementor-widget-text-editor .elementor-drop-cap-letter{display:inline-block}<\/style>\t\t\t\t<h2><strong>IMPRESSUM<\/strong><\/h2><p><strong>Unternehmensinformationen \/ rechtliche Offenlegung<\/strong><\/p><p><strong>Angaben gem\u00e4\u00df \u00a7 5 TMG:<\/strong><\/p><p><strong>Firmenhauptsitz<br \/><\/strong>PRUVIA GmbH<br \/>Melli-Beese-Stra\u00dfe 19<br \/>90768 F\u00fcrth<br \/>Deutschland<\/p><p><strong>Kontakt<\/strong><\/p><p>info@pruvia.com<br \/>Tel. +49 911 28500918<\/p><p><strong>Gesch\u00e4ftsf\u00fchrer\/CEO<br \/><\/strong>Martin G. Nitz<\/p><p><strong>Registergericht:<br \/><\/strong>F\u00fcrth, Handelsregister-Nr. HRB 16831<\/p><p><strong>UMSATZSTEUER-ID:<br \/><\/strong>DE310356081<\/p><p><strong>Verantwortlich gem\u00e4\u00df \u00a7 18 II MStV:<\/strong><\/p><p>PRUVIA GmbH<br \/>Melli-Beese-Stra\u00dfe 19<br \/>90768 F\u00fcrth<br \/>Deutschland<\/p><p><strong>Haftungsausschluss<\/strong><\/p><p>Alle Rechte vorbehalten. Der Inhalt dieser Website ist ausschlie\u00dflich f\u00fcr den pers\u00f6nlichen Gebrauch bestimmt. Das unerlaubte Kopieren, Verwenden und\/oder Modifizieren des Website-Designs oder -Inhalts ist nicht gestattet. Die PRUVIA GmbH \u00fcbernimmt keine Garantie und Haftung f\u00fcr den Zugang oder die Zugriffsqualit\u00e4t sowie die Qualit\u00e4t oder Form der Bildschirmdarstellung. Die PRUVIA GmbH hat keinen Einfluss auf den Inhalt verlinkter externer Websites, die von Dritten betrieben werden, und \u00fcbernimmt daher keine Haftung f\u00fcr diese externen Inhalte. F\u00fcr die Inhalte der verlinkten Seiten ist stets der jeweilige Anbieter oder Betreiber der Seiten verantwortlich. Die verlinkten Seiten wurden zum Zeitpunkt der Verlinkung auf m\u00f6gliche Rechtsverst\u00f6\u00dfe \u00fcberpr\u00fcft. Rechtswidrige Inhalte waren zum Zeitpunkt der Linksetzung nicht erkennbar. Eine st\u00e4ndige inhaltliche Kontrolle der verlinkten Seiten ist f\u00fcr uns jedoch ohne Anhaltspunkte f\u00fcr Rechtsverst\u00f6\u00dfe nicht zumutbar. Bei Bekanntwerden von Rechtsverletzungen werden wir die entsprechenden Links umgehend entfernen.<\/p>\t\t\t\t\t\t<\/div>\n\t\t\t\t<\/div>\n\t\t\t\t\t<\/div>\n\t\t\t\t<\/div>\n\t\t\t\t<\/div>","protected":false},"excerpt":{"rendered":"<p>IMPRINT Corporate Information \/ Legal Disclosure Information in accordance with Section 5 of Germany\u2018s Telecommunications and Media Service Act (TMG): Corporate HeadquarterPRUVIA GmbHMelli-Beese-Stra\u00dfe 1990768 F\u00fcrthGermany Contact info@pruvia.comTel. +49 911 28500918 Managing Director \/ CEOMartin G. Nitz Court of Registry:F\u00fcrth, commercial register no. HRB 16831 VAT ID:DE310356081 Responsible in accordance with Section 18 II of Germany\u2018s [&hellip;]<\/p>","protected":false},"author":1,"featured_media":0,"parent":0,"menu_order":0,"comment_status":"closed","ping_status":"closed","template":"","meta":{"site-sidebar-layout":"no-sidebar","site-content-layout":"page-builder","ast-site-content-layout":"full-width-container","site-content-style":"default","site-sidebar-style":"default","ast-global-header-display":"","ast-banner-title-visibility":"","ast-main-header-display":"","ast-hfb-above-header-display":"","ast-hfb-below-header-display":"","ast-hfb-mobile-header-display":"","site-post-title":"disabled","ast-breadcrumbs-content":"","ast-featured-img":"disabled","footer-sml-layout":"","theme-transparent-header-meta":"","adv-header-id-meta":"","stick-header-meta":"","header-above-stick-meta":"","header-main-stick-meta":"","header-below-stick-meta":"","astra-migrate-meta-layouts":"set","ast-page-background-enabled":"default","ast-page-background-meta":{"desktop":{"background-color":"","background-image":"","background-repeat":"repeat","background-position":"center center","background-size":"auto","background-attachment":"scroll","background-type":"","background-media":"","overlay-type":"","overlay-color":"","overlay-gradient":""},"tablet":{"background-color":"","background-image":"","background-repeat":"repeat","background-position":"center center","background-size":"auto","background-attachment":"scroll","background-type":"","background-media":"","overlay-type":"","overlay-color":"","overlay-gradient":""},"mobile":{"background-color":"","background-image":"","background-repeat":"repeat","background-position":"center center","background-size":"auto","background-attachment":"scroll","background-type":"","background-media":"","overlay-type":"","overlay-color":"","overlay-gradient":""}},"ast-content-background-meta":{"desktop":{"background-color":"var(--ast-global-color-5)","background-image":"","background-repeat":"repeat","background-position":"center center","background-size":"auto","background-attachment":"scroll","background-type":"","background-media":"","overlay-type":"","overlay-color":"","overlay-gradient":""},"tablet":{"background-color":"var(--ast-global-color-5)","background-image":"","background-repeat":"repeat","background-position":"center center","background-size":"auto","background-attachment":"scroll","background-type":"","background-media":"","overlay-type":"","overlay-color":"","overlay-gradient":""},"mobile":{"background-color":"var(--ast-global-color-5)","background-image":"","background-repeat":"repeat","background-position":"center center","background-size":"auto","background-attachment":"scroll","background-type":"","background-media":"","overlay-type":"","overlay-color":"","overlay-gradient":""}},"footnotes":""},"class_list":["post-2152","page","type-page","status-publish","hentry"],"_links":{"self":[{"href":"https:\/\/dev.pruvia.com\/de\/wp-json\/wp\/v2\/pages\/2152","targetHints":{"allow":["GET"]}}],"collection":[{"href":"https:\/\/dev.pruvia.com\/de\/wp-json\/wp\/v2\/pages"}],"about":[{"href":"https:\/\/dev.pruvia.com\/de\/wp-json\/wp\/v2\/types\/page"}],"author":[{"embeddable":true,"href":"https:\/\/dev.pruvia.com\/de\/wp-json\/wp\/v2\/users\/1"}],"replies":[{"embeddable":true,"href":"https:\/\/dev.pruvia.com\/de\/wp-json\/wp\/v2\/comments?post=2152"}],"version-history":[{"count":7,"href":"https:\/\/dev.pruvia.com\/de\/wp-json\/wp\/v2\/pages\/2152\/revisions"}],"predecessor-version":[{"id":2441,"href":"https:\/\/dev.pruvia.com\/de\/wp-json\/wp\/v2\/pages\/2152\/revisions\/2441"}],"wp:attachment":[{"href":"https:\/\/dev.pruvia.com\/de\/wp-json\/wp\/v2\/media?parent=2152"}],"curies":[{"name":"wp","href":"https:\/\/api.w.org\/{rel}","templated":true}]}}