{"id":2154,"date":"2024-02-01T18:20:32","date_gmt":"2024-02-01T17:20:32","guid":{"rendered":"https:\/\/dev.pruvia.com\/?page_id=2154"},"modified":"2024-02-10T09:06:19","modified_gmt":"2024-02-10T08:06:19","slug":"data-protection","status":"publish","type":"page","link":"https:\/\/dev.pruvia.com\/de\/datenschutz\/","title":{"rendered":"Datenschutz"},"content":{"rendered":"<div data-elementor-type=\"wp-page\" data-elementor-id=\"2154\" class=\"elementor elementor-2154\" data-elementor-post-type=\"page\">\n\t\t\t\t<div class=\"elementor-element elementor-element-0843a3c e-flex e-con-boxed e-con e-parent\" data-id=\"0843a3c\" data-element_type=\"container\" data-settings=\"{&quot;content_width&quot;:&quot;boxed&quot;}\" data-core-v316-plus=\"true\">\n\t\t\t\t\t<div class=\"e-con-inner\">\n\t\t\t\t<div class=\"elementor-element elementor-element-ae11dd7 elementor-widget elementor-widget-text-editor\" data-id=\"ae11dd7\" data-element_type=\"widget\" data-widget_type=\"text-editor.default\">\n\t\t\t\t<div class=\"elementor-widget-container\">\n\t\t\t<style>\/*! elementor - v3.19.0 - 07-02-2024 *\/\n.elementor-widget-text-editor.elementor-drop-cap-view-stacked .elementor-drop-cap{background-color:#69727d;color:#fff}.elementor-widget-text-editor.elementor-drop-cap-view-framed .elementor-drop-cap{color:#69727d;border:3px solid;background-color:transparent}.elementor-widget-text-editor:not(.elementor-drop-cap-view-default) .elementor-drop-cap{margin-top:8px}.elementor-widget-text-editor:not(.elementor-drop-cap-view-default) .elementor-drop-cap-letter{width:1em;height:1em}.elementor-widget-text-editor .elementor-drop-cap{float:left;text-align:center;line-height:1;font-size:50px}.elementor-widget-text-editor .elementor-drop-cap-letter{display:inline-block}<\/style>\t\t\t\t<h2>DATENSCHUTZ<\/h2><p><strong>1 Geltungsbereich<\/strong><\/p><p><strong>1.1<\/strong>\u00a0F\u00fcr die Nutzung der Website der PRUVIA GmbH gelten die folgenden Datenschutz- und Vertraulichkeitshinweise. Der Schutz Ihrer personenbezogenen Daten und insbesondere die Wahrung Ihres Pers\u00f6nlichkeitsrechts bei der Verarbeitung und Nutzung dieser Daten liegt uns am Herzen. Die Erhebung, Verarbeitung und Nutzung personenbezogener Daten erfolgt unter Beachtung der Bestimmungen des Telemediengesetzes (TMG) und des Bundesdatenschutzgesetzes (BDSG).<\/p><p><strong>1.2<\/strong>\u00a0Wir verpflichten uns au\u00dferdem, die Vertraulichkeit Ihrer vertraulichen Informationen und Gesch\u00e4ftsgeheimnisse (im Folgenden gemeinsam als \u201eInformationen\u201c bezeichnet) zu sch\u00fctzen. Wenn und soweit Sie uns Informationen \u00fcber Ihr Unternehmen, Ihre Gesch\u00e4ftspl\u00e4ne und\/oder Ihr Gesch\u00e4ftsmodell zur Verf\u00fcgung stellen, werden wir diese Informationen vertraulich behandeln und nur f\u00fcr die unten aufgef\u00fchrte Bearbeitung Ihrer Anfrage\/Vertragserf\u00fcllung verwenden ; diese Geheimhaltungspflicht gilt zeitlich unbegrenzt.<\/p><p><strong>2 Automatisierte Datenerhebung und -verarbeitung durch Ihren Browser<\/strong><\/p><p>Wie jede Website erhebt und speichert unser Server automatisch und vor\u00fcbergehend die folgenden vom Browser bereitgestellten Informationen in Server-Logfiles, sofern Sie diese Funktionalit\u00e4t nicht deaktiviert haben: \u2013 die IP-Adresse des anfragenden Rechners \u2013 die Dateianfrage des Clients \u2013 die http-Antwort Code \u2013 die Internetseite, von der aus Sie auf unsere Seite zugreifen (Referrer-URL), \u2013 die Uhrzeit der Serveranfrage \u2013 der Browsertyp und -version \u2013 das Betriebssystem des anfragenden Rechners. Die Server-Logfiles werden nicht in der Weise verarbeitet, dass individuelle Profile identifizieren oder erstellen. Eine Zuordnung der Daten zu bestimmten Personen ist f\u00fcr den Anbieter zu keinem Zeitpunkt m\u00f6glich. Eine Zusammenf\u00fchrung dieser Daten mit anderen Datenquellen wird nicht vorgenommen.<\/p><p><strong>3 Datenerhebung und Verarbeitung personenbezogener Daten und freiwillig gemachter Angaben<\/strong><\/p><p><strong>3.1<\/strong>\u00a0Die Angabe personenbezogener Daten (Name, Vorname, E-Mail-Adresse und Postanschrift), die Sie uns per E-Mail oder \u00fcber unsere Website \u00fcbermitteln, erfolgt grunds\u00e4tzlich auf freiwilliger Basis. Diese Daten werden zur Bearbeitung Ihrer Anfragen genutzt. Eine anderweitige Verwendung, insbesondere eine Weitergabe an Dritte sowie eine Nutzung f\u00fcr Zwecke der Werbung, der Markt- oder Meinungsforschung, ist nicht gestattet.<\/p><p><strong>3.2<\/strong>\u00a0Alle von Ihnen gemachten Angaben zu Ihrem Unternehmen und\/oder Gesch\u00e4ftsmodell werden von uns vertraulich behandelt und ausschlie\u00dflich zur Vermittlung eines geeigneten Gesch\u00e4ftspartners f\u00fcr Sie verwendet.<\/p><p><strong>4 Weitergabe an Dritte<\/strong><\/p><p>Wir geben grunds\u00e4tzlich keine personenbezogenen Daten und Informationen, die Sie uns zur Verf\u00fcgung stellen, an Dritte weiter. Eine Weitergabe dieser Daten oder Informationen an Dritte erfolgt ausschlie\u00dflich zum Zwecke der Bearbeitung Ihrer Anfragen, sofern und soweit dies f\u00fcr die Vertragserf\u00fcllung erforderlich ist. In jedem Fall erfolgt eine Weitergabe personenbezogener Daten oder vertraulicher Informationen jedoch nur nach vorheriger R\u00fccksprache und mit Ihrer vorherigen Einwilligung. \u2013 an Dienstleister nach den Vorschriften des BDSG im Rahmen der Auftragsdatenverarbeitung nach \u00a7 11 BDSG oder an auskunftsberechtigte Beh\u00f6rden zur Erf\u00fcllung gesetzlicher Verpflichtungen.<\/p><p><strong>5 Cookies<\/strong><\/p><p>Diese Website verwendet Cookies. Cookies sind kleine Textdateien, die vor\u00fcbergehend lokal in Ihrem Browser gespeichert werden. Cookies dienen in erster Linie dazu, Ihren Webbrowser wiederzuerkennen. Cookies werden zur Verwaltung Ihrer Sitzung und zu statistischen Zwecken verwendet. Cookies enthalten keine personenbezogenen Daten. Wenn Sie die automatische Anmeldung auf der Website w\u00e4hlen, speichert ein zus\u00e4tzliches Cookie Ihre Anmeldedaten auf Ihrem Computer. Sie k\u00f6nnen Ihren Browser so einstellen, dass keine Cookies auf Ihrer Festplatte gespeichert werden oder bereits gespeicherte Cookies gel\u00f6scht werden. Befolgen Sie dazu bitte die Anweisungen in der Hilfe Ihres Browsers zum Blockieren oder L\u00f6schen von Cookies.<\/p><p>Zur Verwaltung der eingesetzten Cookies und \u00e4hnlicher Technologien (Tracking-Pixel, Web-Beacons etc.) und damit verbundener Einwilligungen nutzen wir das Consent-Tool \u201eReal Cookie Banner\u201c. Einzelheiten zur Funktionsweise von \u201eReal Cookie Banner\u201c finden Sie unter <a href=\"https:\/\/devowl.io\/rcb\/data-processing\/\" target=\"_blank\" rel=\"noopener noreferrer\">https:\/\/devowl.io\/rcb\/data-processing\/<\/a>.<\/p><p><span style=\"font-style: inherit; font-weight: inherit; text-align: var(--text-align); background-color: var(--ast-global-color-4); color: var(--ast-global-color-3);\">Rechtsgrundlage f\u00fcr die Verarbeitung personenbezogener Daten in diesem Zusammenhang ist Art. 6 (1) lit. c DSGVO und Art. 6 (1) lit. f DSGVO. Unser berechtigtes Interesse ist die Verwaltung der eingesetzten Cookies und \u00e4hnlicher Technologien sowie der damit verbundenen Einwilligungen.<\/span><\/p><p>Die Bereitstellung personenbezogener Daten ist weder vertraglich vorgeschrieben noch f\u00fcr einen Vertragsabschluss erforderlich. Sie sind nicht verpflichtet, die personenbezogenen Daten bereitzustellen. Bei Nichtbereitstellung der personenbezogenen Daten k\u00f6nnen wir Ihre Einwilligungen nicht verwalten.<\/p><p><strong>6 Recht auf Auskunft<\/strong><\/p><p>Um unentgeltlich zu erfahren, welche personenbezogenen Daten \u00fcber Sie auf unserer Website erhoben und gespeichert werden, schreiben Sie uns einfach an oder senden Sie uns eine E-Mail. Bitte richten Sie schriftliche Anfragen an PRUVIA GmbH, Melli-Beese-Stra\u00dfe 19, 90768 F\u00fcrth, Deutschland oder per E-Mail: info@pruvia.com. Sie haben au\u00dferdem nach Ma\u00dfgabe der gesetzlichen Vorschriften ein Recht auf Berichtigung, Sperrung und\/oder L\u00f6schung Ihrer personenbezogenen Daten.<\/p><p>\u00a0<\/p>\t\t\t\t\t\t<\/div>\n\t\t\t\t<\/div>\n\t\t\t\t\t<\/div>\n\t\t\t\t<\/div>\n\t\t\t\t<\/div>","protected":false},"excerpt":{"rendered":"<p>DATA PROTECTION 1 Scope 1.1\u00a0The following data protection and confidentiality information applies to use of the website of PRUVIA GmbH. We are committed to protecting your personal data, and in particular to protecting your right of personality in the processing and use of this information. Personal data is collected, processed and used in compliance with [&hellip;]<\/p>","protected":false},"author":1,"featured_media":0,"parent":0,"menu_order":0,"comment_status":"closed","ping_status":"closed","template":"","meta":{"site-sidebar-layout":"no-sidebar","site-content-layout":"page-builder","ast-site-content-layout":"full-width-container","site-content-style":"default","site-sidebar-style":"default","ast-global-header-display":"","ast-banner-title-visibility":"","ast-main-header-display":"","ast-hfb-above-header-display":"","ast-hfb-below-header-display":"","ast-hfb-mobile-header-display":"","site-post-title":"disabled","ast-breadcrumbs-content":"","ast-featured-img":"disabled","footer-sml-layout":"","theme-transparent-header-meta":"","adv-header-id-meta":"","stick-header-meta":"","header-above-stick-meta":"","header-main-stick-meta":"","header-below-stick-meta":"","astra-migrate-meta-layouts":"set","ast-page-background-enabled":"default","ast-page-background-meta":{"desktop":{"background-color":"","background-image":"","background-repeat":"repeat","background-position":"center center","background-size":"auto","background-attachment":"scroll","background-type":"","background-media":"","overlay-type":"","overlay-color":"","overlay-gradient":""},"tablet":{"background-color":"","background-image":"","background-repeat":"repeat","background-position":"center center","background-size":"auto","background-attachment":"scroll","background-type":"","background-media":"","overlay-type":"","overlay-color":"","overlay-gradient":""},"mobile":{"background-color":"","background-image":"","background-repeat":"repeat","background-position":"center center","background-size":"auto","background-attachment":"scroll","background-type":"","background-media":"","overlay-type":"","overlay-color":"","overlay-gradient":""}},"ast-content-background-meta":{"desktop":{"background-color":"var(--ast-global-color-5)","background-image":"","background-repeat":"repeat","background-position":"center center","background-size":"auto","background-attachment":"scroll","background-type":"","background-media":"","overlay-type":"","overlay-color":"","overlay-gradient":""},"tablet":{"background-color":"var(--ast-global-color-5)","background-image":"","background-repeat":"repeat","background-position":"center center","background-size":"auto","background-attachment":"scroll","background-type":"","background-media":"","overlay-type":"","overlay-color":"","overlay-gradient":""},"mobile":{"background-color":"var(--ast-global-color-5)","background-image":"","background-repeat":"repeat","background-position":"center center","background-size":"auto","background-attachment":"scroll","background-type":"","background-media":"","overlay-type":"","overlay-color":"","overlay-gradient":""}},"footnotes":""},"class_list":["post-2154","page","type-page","status-publish","hentry"],"_links":{"self":[{"href":"https:\/\/dev.pruvia.com\/de\/wp-json\/wp\/v2\/pages\/2154","targetHints":{"allow":["GET"]}}],"collection":[{"href":"https:\/\/dev.pruvia.com\/de\/wp-json\/wp\/v2\/pages"}],"about":[{"href":"https:\/\/dev.pruvia.com\/de\/wp-json\/wp\/v2\/types\/page"}],"author":[{"embeddable":true,"href":"https:\/\/dev.pruvia.com\/de\/wp-json\/wp\/v2\/users\/1"}],"replies":[{"embeddable":true,"href":"https:\/\/dev.pruvia.com\/de\/wp-json\/wp\/v2\/comments?post=2154"}],"version-history":[{"count":10,"href":"https:\/\/dev.pruvia.com\/de\/wp-json\/wp\/v2\/pages\/2154\/revisions"}],"predecessor-version":[{"id":3598,"href":"https:\/\/dev.pruvia.com\/de\/wp-json\/wp\/v2\/pages\/2154\/revisions\/3598"}],"wp:attachment":[{"href":"https:\/\/dev.pruvia.com\/de\/wp-json\/wp\/v2\/media?parent=2154"}],"curies":[{"name":"wp","href":"https:\/\/api.w.org\/{rel}","templated":true}]}}